{"id":2076,"date":"2015-04-04T16:29:53","date_gmt":"2015-04-04T15:29:53","guid":{"rendered":"http:\/\/sc-trins.at\/?page_id=2076"},"modified":"2025-10-26T14:32:36","modified_gmt":"2025-10-26T13:32:36","slug":"beitraege","status":"publish","type":"page","link":"https:\/\/sc-trins.at\/?page_id=2076","title":{"rendered":"Mitglieds- und Trainingsbeitr\u00e4ge"},"content":{"rendered":"<table style=\"height: 233px;\" width=\"659\">\n<tbody>\n<tr>\n<td colspan=\"3\">\n<h1><\/h1>\n<h1>Mitgliedsbeitr\u00e4ge<\/h1>\n<\/td>\n<\/tr>\n<tr>\n<td>\n<h4 style=\"text-align: center;\">Kinder, Sch\u00fcler und Jugendliche<\/h4>\n<\/td>\n<td>Schiclub<\/p>\n<p>mit \u00d6SV<\/td>\n<td>\u20ac \u00a015,-<\/p>\n<p>\u20ac\u00a0 32,50<\/td>\n<\/tr>\n<tr>\n<td>\n<h4 style=\"text-align: center;\">Erwachsene<\/h4>\n<\/td>\n<td>Schiclub<\/p>\n<p>mit \u00d6SV<\/td>\n<td>\u20ac \u00a0 20,-<\/p>\n<p>\u20ac\u00a0 \u00a0 50,-<\/td>\n<\/tr>\n<\/tbody>\n<\/table>\n<p>&nbsp;<\/p>\n<table style=\"height: 737px;\" width=\"659\">\n<tbody>\n<tr>\n<td colspan=\"4\">\n<h1 style=\"text-align: center;\">\u00a0Trainingsbeitr\u00e4ge<\/h1>\n<\/td>\n<\/tr>\n<tr>\n<td style=\"text-align: center;\"><\/td>\n<td><\/td>\n<td><\/td>\n<td>\n<h4>F\u00fcr das Training auf der Piste und das Rennen<\/h4>\n<h4>nach Zuschuss vom SC-Trins pro Kind \u20ac 80,-<\/h4>\n<\/td>\n<\/tr>\n<tr>\n<td>\n<h4><\/h4>\n<\/td>\n<td>&nbsp;<\/p>\n<p>&nbsp;<\/p>\n<p>&nbsp;<\/p>\n<p>&nbsp;<\/p>\n<p>&nbsp;<\/td>\n<td><\/td>\n<td>&nbsp;<\/p>\n<h4>F\u00fcr das Hallentraining pro Kind \u20ac 35,-<\/h4>\n<p>&nbsp;<\/td>\n<\/tr>\n<tr>\n<td>&nbsp;<\/p>\n<h4><\/h4>\n<\/td>\n<td>&nbsp;<\/p>\n<p>&nbsp;<\/p>\n<p>&nbsp;<\/p>\n<p>&nbsp;<\/td>\n<td><\/td>\n<td>&nbsp;<\/p>\n<h2><strong><a href=\"http:\/\/sc-trins.at\/?page_id=1606\"><span style=\"color: #0000ff;\"><u>Zu den Trainingsterminen<\/u><\/span><\/a><\/strong><\/h2>\n<p>&nbsp;<\/p>\n<p>&nbsp;<\/p>\n<p>&nbsp;<\/p>\n<p>&nbsp;<\/p>\n<p>&nbsp;<\/td>\n<\/tr>\n<\/tbody>\n<\/table>\n","protected":false},"excerpt":{"rendered":"<p>Mitgliedsbeitr\u00e4ge Kinder, Sch\u00fcler und Jugendliche Schiclub mit \u00d6SV \u20ac \u00a015,- \u20ac\u00a0 32,50 Erwachsene Schiclub mit \u00d6SV \u20ac \u00a0 20,- \u20ac\u00a0 \u00a0 50,- &nbsp; \u00a0Trainingsbeitr\u00e4ge F\u00fcr das Training auf der Piste und das Rennen nach Zuschuss vom SC-Trins pro Kind \u20ac 80,- &nbsp; &nbsp; &nbsp; &nbsp; &nbsp; &nbsp; F\u00fcr das Hallentraining &#8230;<\/p>\n","protected":false},"author":7,"featured_media":0,"parent":0,"menu_order":0,"comment_status":"closed","ping_status":"closed","template":"","meta":{"footnotes":""},"class_list":["post-2076","page","type-page","status-publish","hentry","column","threecol"],"_links":{"self":[{"href":"https:\/\/sc-trins.at\/index.php?rest_route=\/wp\/v2\/pages\/2076","targetHints":{"allow":["GET"]}}],"collection":[{"href":"https:\/\/sc-trins.at\/index.php?rest_route=\/wp\/v2\/pages"}],"about":[{"href":"https:\/\/sc-trins.at\/index.php?rest_route=\/wp\/v2\/types\/page"}],"author":[{"embeddable":true,"href":"https:\/\/sc-trins.at\/index.php?rest_route=\/wp\/v2\/users\/7"}],"replies":[{"embeddable":true,"href":"https:\/\/sc-trins.at\/index.php?rest_route=%2Fwp%2Fv2%2Fcomments&post=2076"}],"version-history":[{"count":46,"href":"https:\/\/sc-trins.at\/index.php?rest_route=\/wp\/v2\/pages\/2076\/revisions"}],"predecessor-version":[{"id":5406,"href":"https:\/\/sc-trins.at\/index.php?rest_route=\/wp\/v2\/pages\/2076\/revisions\/5406"}],"wp:attachment":[{"href":"https:\/\/sc-trins.at\/index.php?rest_route=%2Fwp%2Fv2%2Fmedia&parent=2076"}],"curies":[{"name":"wp","href":"https:\/\/api.w.org\/{rel}","templated":true}]}}