{"id":1514,"date":"2015-03-06T17:56:48","date_gmt":"2015-03-06T16:56:48","guid":{"rendered":"http:\/\/sc-trins.at\/?page_id=1514"},"modified":"2015-03-06T17:59:50","modified_gmt":"2015-03-06T16:59:50","slug":"chronik","status":"publish","type":"page","link":"https:\/\/sc-trins.at\/?page_id=1514","title":{"rendered":"Chronik"},"content":{"rendered":"<p><strong>Gr\u00fcndungsmitglieder des SC-Trins 24.11.1962 <\/strong><\/p>\n\n<table id=\"tablepress-6\" class=\"tablepress tablepress-id-6\">\n<tbody class=\"row-hover\">\n<tr class=\"row-1\">\n\t<td class=\"column-1\">Obmann<\/td><td class=\"column-2\">Rudolf Winkler<\/td><td class=\"column-3\"><\/td><td class=\"column-4\"><\/td><td class=\"column-5\"><\/td><td class=\"column-6\"><\/td><td class=\"column-7\"><\/td><td class=\"column-8\"><\/td>\n<\/tr>\n<tr class=\"row-2\">\n\t<td class=\"column-1\">Obmann-Stellvertreter<\/td><td class=\"column-2\">Harry Covi<\/td><td class=\"column-3\"><\/td><td class=\"column-4\"><\/td><td class=\"column-5\"><\/td><td class=\"column-6\"><\/td><td class=\"column-7\"><\/td><td class=\"column-8\"><\/td>\n<\/tr>\n<tr class=\"row-3\">\n\t<td class=\"column-1\">Schriftf\u00fchrer<\/td><td class=\"column-2\">Siegfried Schl\u00f6gl<\/td><td class=\"column-3\"><\/td><td class=\"column-4\"><\/td><td class=\"column-5\"><\/td><td class=\"column-6\"><\/td><td class=\"column-7\"><\/td><td class=\"column-8\"><\/td>\n<\/tr>\n<tr class=\"row-4\">\n\t<td class=\"column-1\">Schriftf\u00fchrer Stellvertreter<\/td><td class=\"column-2\">Emil Schlapp<\/td><td class=\"column-3\"><\/td><td class=\"column-4\"><\/td><td class=\"column-5\"><\/td><td class=\"column-6\"><\/td><td class=\"column-7\"><\/td><td class=\"column-8\"><\/td>\n<\/tr>\n<tr class=\"row-5\">\n\t<td class=\"column-1\">Kassier<\/td><td class=\"column-2\">Herbert Schl\u00f6gl<\/td><td class=\"column-3\"><\/td><td class=\"column-4\"><\/td><td class=\"column-5\"><\/td><td class=\"column-6\"><\/td><td class=\"column-7\"><\/td><td class=\"column-8\"><\/td>\n<\/tr>\n<tr class=\"row-6\">\n\t<td class=\"column-1\">Kassier Stellvertreter<\/td><td class=\"column-2\">Otto Mader<\/td><td class=\"column-3\"><\/td><td class=\"column-4\"><\/td><td class=\"column-5\"><\/td><td class=\"column-6\"><\/td><td class=\"column-7\"><\/td><td class=\"column-8\"><\/td>\n<\/tr>\n<\/tbody>\n<\/table>\n<!-- #tablepress-6 from cache -->\n<p><strong>Obm\u00e4nner seit der Gr\u00fcndung im Jahr 1962 <\/strong><\/p>\n\n<table id=\"tablepress-7\" class=\"tablepress tablepress-id-7\">\n<tbody class=\"row-hover\">\n<tr class=\"row-1\">\n\t<td class=\"column-1\">          1962 \u2013 1964<\/td><td class=\"column-2\"><\/td><td class=\"column-3\"><\/td><td class=\"column-4\"><\/td><td class=\"column-5\"><\/td><td class=\"column-6\"><\/td><td class=\"column-7\">Rudolf Winkler<\/td>\n<\/tr>\n<tr class=\"row-2\">\n\t<td class=\"column-1\">          1964 \u2013 1972<\/td><td class=\"column-2\"><\/td><td class=\"column-3\"><\/td><td class=\"column-4\"><\/td><td class=\"column-5\"><\/td><td class=\"column-6\"><\/td><td class=\"column-7\"> Rudolf Grie\u00dfenb\u00f6ck<\/td>\n<\/tr>\n<tr class=\"row-3\">\n\t<td class=\"column-1\">          1972 \u2013 1979<\/td><td class=\"column-2\"><\/td><td class=\"column-3\"><\/td><td class=\"column-4\"><\/td><td class=\"column-5\"><\/td><td class=\"column-6\"><\/td><td class=\"column-7\">Otto Sarnthein<\/td>\n<\/tr>\n<tr class=\"row-4\">\n\t<td class=\"column-1\">          1979 \u2013 1980<\/td><td class=\"column-2\"><\/td><td class=\"column-3\"><\/td><td class=\"column-4\"><\/td><td class=\"column-5\"><\/td><td class=\"column-6\"><\/td><td class=\"column-7\">Max Hilber<\/td>\n<\/tr>\n<tr class=\"row-5\">\n\t<td class=\"column-1\">          1980 \u2013 1997<\/td><td class=\"column-2\"><\/td><td class=\"column-3\"><\/td><td class=\"column-4\"><\/td><td class=\"column-5\"><\/td><td class=\"column-6\"><\/td><td class=\"column-7\">Erich Steidl<\/td>\n<\/tr>\n<tr class=\"row-6\">\n\t<td class=\"column-1\">          1997 \u2013 2001<\/td><td class=\"column-2\"><\/td><td class=\"column-3\"><\/td><td class=\"column-4\"><\/td><td class=\"column-5\"><\/td><td class=\"column-6\"><\/td><td class=\"column-7\">Bertram Hilber<\/td>\n<\/tr>\n<tr class=\"row-7\">\n\t<td class=\"column-1\">          2001 \u2013 2021<\/td><td class=\"column-2\"><\/td><td class=\"column-3\"><\/td><td class=\"column-4\"><\/td><td class=\"column-5\"><\/td><td class=\"column-6\"><\/td><td class=\"column-7\">Christoph Nocker<\/td>\n<\/tr>\n<tr class=\"row-8\">\n\t<td class=\"column-1\">          2021 \u2013 2023<\/td><td class=\"column-2\"><\/td><td class=\"column-3\"><\/td><td class=\"column-4\"><\/td><td class=\"column-5\"><\/td><td class=\"column-6\"><\/td><td class=\"column-7\">Gerhard Eller<\/td>\n<\/tr>\n<tr class=\"row-9\">\n\t<td class=\"column-1\">          2023 - 2025<\/td><td class=\"column-2\"><\/td><td class=\"column-3\"><\/td><td class=\"column-4\"><\/td><td class=\"column-5\"><\/td><td class=\"column-6\"><\/td><td class=\"column-7\">Christoph Nocker<\/td>\n<\/tr>\n<tr class=\"row-10\">\n\t<td class=\"column-1\">          seit 2025<\/td><td class=\"column-2\"><\/td><td class=\"column-3\"><\/td><td class=\"column-4\"><\/td><td class=\"column-5\"><\/td><td class=\"column-6\"><\/td><td class=\"column-7\">Gerhard Heidegger<\/td>\n<\/tr>\n<\/tbody>\n<\/table>\n<!-- #tablepress-7 from cache -->\n","protected":false},"excerpt":{"rendered":"<p>Gr\u00fcndungsmitglieder des SC-Trins 24.11.1962 Obm\u00e4nner seit der Gr\u00fcndung im Jahr 1962<\/p>\n","protected":false},"author":7,"featured_media":0,"parent":0,"menu_order":0,"comment_status":"closed","ping_status":"closed","template":"","meta":{"footnotes":""},"class_list":["post-1514","page","type-page","status-publish","hentry","column","threecol"],"_links":{"self":[{"href":"https:\/\/sc-trins.at\/index.php?rest_route=\/wp\/v2\/pages\/1514","targetHints":{"allow":["GET"]}}],"collection":[{"href":"https:\/\/sc-trins.at\/index.php?rest_route=\/wp\/v2\/pages"}],"about":[{"href":"https:\/\/sc-trins.at\/index.php?rest_route=\/wp\/v2\/types\/page"}],"author":[{"embeddable":true,"href":"https:\/\/sc-trins.at\/index.php?rest_route=\/wp\/v2\/users\/7"}],"replies":[{"embeddable":true,"href":"https:\/\/sc-trins.at\/index.php?rest_route=%2Fwp%2Fv2%2Fcomments&post=1514"}],"version-history":[{"count":2,"href":"https:\/\/sc-trins.at\/index.php?rest_route=\/wp\/v2\/pages\/1514\/revisions"}],"predecessor-version":[{"id":1541,"href":"https:\/\/sc-trins.at\/index.php?rest_route=\/wp\/v2\/pages\/1514\/revisions\/1541"}],"wp:attachment":[{"href":"https:\/\/sc-trins.at\/index.php?rest_route=%2Fwp%2Fv2%2Fmedia&parent=1514"}],"curies":[{"name":"wp","href":"https:\/\/api.w.org\/{rel}","templated":true}]}}